{"id":75,"date":"2025-03-24T22:41:59","date_gmt":"2025-03-24T21:41:59","guid":{"rendered":"https:\/\/www.crefas.fr\/?page_id=75"},"modified":"2025-07-17T11:54:13","modified_gmt":"2025-07-17T09:54:13","slug":"comment-nous-aider","status":"publish","type":"page","link":"https:\/\/www.crefas.fr\/index.php\/comment-nous-aider\/","title":{"rendered":"Comment nous aider ?"},"content":{"rendered":"\n<h3 class=\"wp-block-heading has-text-align-center\"><strong><em>Devenir b\u00e9n\u00e9vole<\/em><\/strong><\/h3>\n\n\n\n<p>Avec une moyenne de 750 animaux accueillis par an, le fonctionnement du centre de sauvegarde repose en grande partie sur l&rsquo;engagement des b\u00e9n\u00e9voles.<\/p>\n\n\n\n<p>Ils participent \u00e0 toutes les t\u00e2ches journali\u00e8res (accueil, nourrissage, entretien, administratif&#8230;etc) en lien avec l&rsquo;\u00e9quipe de permanentes.<\/p>\n\n\n\n<p>Aucune comp\u00e9tence particuli\u00e8re n&rsquo;est demand\u00e9e pour devenir b\u00e9n\u00e9vole, seulement une grande motivation et l&rsquo;envie de s&rsquo;investir pour la protection de la faune sauvage. Les nouveaux b\u00e9n\u00e9voles seront form\u00e9s au fur et \u00e0 mesure par l&rsquo;\u00e9quipe permanente.<\/p>\n\n\n\n<p>Pour s&rsquo;investir \u00e0 nos c\u00f4t\u00e9s, plusieurs sch\u00e9mas sont possibles :<\/p>\n\n\n\n<ul class=\"wp-block-list\">\n<li>\u00c9covolontaire : pr\u00e9sence quotidienne sur une p\u00e9riode d\u00e9finie (minimum une semaine)<\/li>\n<\/ul>\n\n\n\n<ul class=\"wp-block-list\">\n<li>B\u00e9n\u00e9vole annuel : engagement ponctuel tout au long de l&rsquo;ann\u00e9e (une fois par semaine, une fois par mois, tous les week-ends, etc.)<\/li>\n<\/ul>\n\n\n\n<p>Si vous souhaitez rejoindre notre \u00e9quipe contactez nous par t\u00e9l\u00e9phone au 05.65.59.09.87 ou par mail \u00e0 l&rsquo;adresse : crsfsc@orange.fr<\/p>\n\n\n\n<h3 class=\"wp-block-heading has-text-align-center\"><strong><em>Adh\u00e9rer \/ Faire un don<\/em><\/strong><\/h3>\n\n\n\n<figure class=\"wp-block-image aligncenter size-full\"><img loading=\"lazy\" decoding=\"async\" width=\"273\" height=\"185\" src=\"https:\/\/www.crefas.fr\/wp-content\/uploads\/2025\/03\/telecharge.jpg\" alt=\"\" class=\"wp-image-110\"\/><\/figure>\n\n\n\n<p>Si vous souhaitez nous faire un don, vous pouvez via le site Helloasso.com avec le lien suivant :<\/p>\n\n\n\n<p><a href=\"https:\/\/www.helloasso.com\/associations\/centre-regional-de-sauvegarde-de-la-faune-sauvage-caussenard\/formulaires\/1 .\">https:\/\/www.helloasso.com\/associations\/centre-regional-de-sauvegarde-de-la-faune-sauvage-caussenard\/formulaires\/1 <\/a><\/p>\n\n\n\n<p>Tous les dons sont d\u00e9ductibles \u00e0 66% d&rsquo;imp\u00f4ts.<\/p>\n\n\n\n<h3 class=\"wp-block-heading has-text-align-center\"><strong><em>Rapatrier les animaux<\/em><\/strong><\/h3>\n\n\n\n<p>Les animaux accueillis proviennent d&rsquo;un tr\u00e8s vaste territoire (Aveyron, Loz\u00e8re, Lot, Tarn, etc.). L&rsquo;acheminement des animaux depuis leur lieu de d\u00e9couverte jusqu&rsquo;au centre de sauvegarde est assur\u00e9 par des b\u00e9n\u00e9voles rapatrieurs.<\/p>\n\n\n\n<p>Les rapatrieurs ont un r\u00f4le essentiel dans le parcours des animaux. En effet, leurs actions permettent aux animaux d&rsquo;\u00eatre pris en charge dans les meilleurs d\u00e9lais et ainsi maximiser leurs chances de r\u00e9tablissement.<\/p>\n\n\n\n<p>En lien \u00e9troit avec l&rsquo;\u00e9quipe du centre de sauvegarde, les b\u00e9n\u00e9voles effectuent le transport des animaux d&rsquo;un point A \u00e0 un point B. <\/p>\n\n\n\n<p>Pour avoir plus d&rsquo;informations \u00e0 propos de ce r\u00f4le, contactez nous par t\u00e9l\u00e9phone au 05.65.59.09.87 ou par mail \u00e0 l&rsquo;adresse : crsfsc@orange.fr.<\/p>\n\n\n\n<p><\/p>\n","protected":false},"excerpt":{"rendered":"<p>Devenir b\u00e9n\u00e9vole Avec une moyenne de 750 animaux accueillis par an, le fonctionnement du centre de sauvegarde repose en grande partie sur l&rsquo;engagement des b\u00e9n\u00e9voles. Ils participent \u00e0 toutes les t\u00e2ches journali\u00e8res (accueil, nourrissage, entretien, administratif&#8230;etc) en lien avec l&rsquo;\u00e9quipe de permanentes. Aucune comp\u00e9tence particuli\u00e8re n&rsquo;est demand\u00e9e pour devenir b\u00e9n\u00e9vole, seulement une grande motivation et [&hellip;]<\/p>\n","protected":false},"author":1,"featured_media":0,"parent":0,"menu_order":0,"comment_status":"closed","ping_status":"closed","template":"","meta":{"footnotes":""},"class_list":["post-75","page","type-page","status-publish","hentry"],"_links":{"self":[{"href":"https:\/\/www.crefas.fr\/index.php\/wp-json\/wp\/v2\/pages\/75","targetHints":{"allow":["GET"]}}],"collection":[{"href":"https:\/\/www.crefas.fr\/index.php\/wp-json\/wp\/v2\/pages"}],"about":[{"href":"https:\/\/www.crefas.fr\/index.php\/wp-json\/wp\/v2\/types\/page"}],"author":[{"embeddable":true,"href":"https:\/\/www.crefas.fr\/index.php\/wp-json\/wp\/v2\/users\/1"}],"replies":[{"embeddable":true,"href":"https:\/\/www.crefas.fr\/index.php\/wp-json\/wp\/v2\/comments?post=75"}],"version-history":[{"count":13,"href":"https:\/\/www.crefas.fr\/index.php\/wp-json\/wp\/v2\/pages\/75\/revisions"}],"predecessor-version":[{"id":381,"href":"https:\/\/www.crefas.fr\/index.php\/wp-json\/wp\/v2\/pages\/75\/revisions\/381"}],"wp:attachment":[{"href":"https:\/\/www.crefas.fr\/index.php\/wp-json\/wp\/v2\/media?parent=75"}],"curies":[{"name":"wp","href":"https:\/\/api.w.org\/{rel}","templated":true}]}}