{"id":281,"date":"2025-03-24T22:41:59","date_gmt":"2025-03-24T21:41:59","guid":{"rendered":"https:\/\/www.crefas.fr\/?page_id=281"},"modified":"2025-07-17T12:03:56","modified_gmt":"2025-07-17T10:03:56","slug":"mammiferes-2","status":"publish","type":"page","link":"https:\/\/www.crefas.fr\/index.php\/mammiferes-2\/","title":{"rendered":"Mammif\u00e8res"},"content":{"rendered":"\n<p class=\"has-text-align-center\"><strong>Ne JAMAIS donner de lait \u00e0 un jeune mammif\u00e8re !<\/strong><\/p>\n\n\n\n<h2 class=\"wp-block-heading\"><strong><em>Li\u00e8vres et faons<\/em><\/strong><\/h2>\n\n\n\n<div class=\"wp-block-media-text is-stacked-on-mobile\" style=\"grid-template-columns:34% auto\"><figure class=\"wp-block-media-text__media\"><img loading=\"lazy\" decoding=\"async\" width=\"735\" height=\"1024\" src=\"https:\/\/www.crefas.fr\/wp-content\/uploads\/2025\/03\/20240403_161518-735x1024.jpg\" alt=\"\" class=\"wp-image-271 size-full\" srcset=\"https:\/\/www.crefas.fr\/wp-content\/uploads\/2025\/03\/20240403_161518-735x1024.jpg 735w, https:\/\/www.crefas.fr\/wp-content\/uploads\/2025\/03\/20240403_161518-215x300.jpg 215w, https:\/\/www.crefas.fr\/wp-content\/uploads\/2025\/03\/20240403_161518-768x1070.jpg 768w, https:\/\/www.crefas.fr\/wp-content\/uploads\/2025\/03\/20240403_161518-1103x1536.jpg 1103w, https:\/\/www.crefas.fr\/wp-content\/uploads\/2025\/03\/20240403_161518-1470x2048.jpg 1470w, https:\/\/www.crefas.fr\/wp-content\/uploads\/2025\/03\/20240403_161518-scaled.jpg 1838w\" sizes=\"auto, (max-width: 735px) 100vw, 735px\" \/><\/figure><div class=\"wp-block-media-text__content\">\n<p>Contrairement aux id\u00e9es re\u00e7ues, les jeunes li\u00e8vres ne sont pas \u00e9lev\u00e9s en terrier comme les lapins. D\u00e8s leur naissance, ils ont les yeux ouverts, sont recouverts de poils et sont capables de se d\u00e9placer. Les jeunes li\u00e8vres sont seuls, \u00e0 d\u00e9couvert dans les herbes hautes, et leur m\u00e8re leur rend visite que quelques minutes par jour pour les allaiter afin de ne pas attirer l\u2019attention des pr\u00e9dateurs. Si le jeune li\u00e8vre ne pr\u00e9sente aucune blessure\u00a0<strong>ne le touchez surtout pas<\/strong>.<\/p>\n<\/div><\/div>\n\n\n\n<div class=\"wp-block-media-text has-media-on-the-right is-stacked-on-mobile\" style=\"grid-template-columns:auto 35%\"><div class=\"wp-block-media-text__content\">\n<p>Durant les premi\u00e8res semaines de leurs vies, les faons sont inodores, cach\u00e9s sous des buissons en attendant le retour de leur m\u00e8re. Il est donc normal de trouver un jeune seul, au m\u00eame endroit durant plusieurs jours. <strong>LAISSEZ-LE \u00e0 sa place<\/strong>, toute intervention pourrait le condamner !<\/p>\n\n\n\n<p>Si vous n&rsquo;\u00eates pas s\u00fbr de la fa\u00e7on d&rsquo;agir, n&rsquo;h\u00e9sitez pas \u00e0 appeler un centre de sauvegarde ou l&rsquo;OFB du d\u00e9partement en question.<\/p>\n<\/div><figure class=\"wp-block-media-text__media\"><img loading=\"lazy\" decoding=\"async\" width=\"674\" height=\"899\" src=\"https:\/\/www.crefas.fr\/wp-content\/uploads\/2025\/03\/ooapin-1.jpg\" alt=\"\" class=\"wp-image-288 size-full\" srcset=\"https:\/\/www.crefas.fr\/wp-content\/uploads\/2025\/03\/ooapin-1.jpg 674w, https:\/\/www.crefas.fr\/wp-content\/uploads\/2025\/03\/ooapin-1-225x300.jpg 225w\" sizes=\"auto, (max-width: 674px) 100vw, 674px\" \/><\/figure><\/div>\n\n\n\n<h2 class=\"wp-block-heading\"><strong>H\u00e9rissons<\/strong><\/h2>\n\n\n\n<figure class=\"wp-block-image size-full\"><img loading=\"lazy\" decoding=\"async\" width=\"1024\" height=\"768\" src=\"https:\/\/www.crefas.fr\/wp-content\/uploads\/2025\/03\/Affiche-jeunes-herissons.png\" alt=\"\" class=\"wp-image-315\" srcset=\"https:\/\/www.crefas.fr\/wp-content\/uploads\/2025\/03\/Affiche-jeunes-herissons.png 1024w, https:\/\/www.crefas.fr\/wp-content\/uploads\/2025\/03\/Affiche-jeunes-herissons-300x225.png 300w, https:\/\/www.crefas.fr\/wp-content\/uploads\/2025\/03\/Affiche-jeunes-herissons-768x576.png 768w\" sizes=\"auto, (max-width: 1024px) 100vw, 1024px\" \/><\/figure>\n\n\n\n<h2 class=\"wp-block-heading\"><strong>Chauves-souris<\/strong><\/h2>\n\n\n\n<p>L&rsquo;\u00e9levage des chauves-souris est tr\u00e8s d\u00e9licat en captivit\u00e9, le taux de r\u00e9ussite est tr\u00e8s incertain pour les jeunes \u00e9lev\u00e9s par l&rsquo;homme. Pour maximiser leur chance de survie (comme pour tous les jeunes animaux), il est pr\u00e9f\u00e9rable qu&rsquo;ils soient r\u00e9cup\u00e9r\u00e9s par leur m\u00e8re. Avant d&rsquo;acheminer le jeune en centre de sauvegarde, il faudra tenter le replacement du jeune. <br>Voici le protocole \u00e0 suivre : <br><br>Dans un premier temps, il faut \u00eatre certain que l&rsquo;endroit o\u00f9 a \u00e9t\u00e9 trouv\u00e9 le jeune abrite bien une colonie de chauves souris.<\/p>\n\n\n\n<div class=\"wp-block-media-text is-stacked-on-mobile\" style=\"grid-template-columns:18% auto\"><figure class=\"wp-block-media-text__media\"><img loading=\"lazy\" decoding=\"async\" width=\"1024\" height=\"816\" src=\"https:\/\/www.crefas.fr\/wp-content\/uploads\/2025\/03\/IMG20250319132219-1024x816.jpg\" alt=\"\" class=\"wp-image-316 size-full\" srcset=\"https:\/\/www.crefas.fr\/wp-content\/uploads\/2025\/03\/IMG20250319132219-1024x816.jpg 1024w, https:\/\/www.crefas.fr\/wp-content\/uploads\/2025\/03\/IMG20250319132219-300x239.jpg 300w, https:\/\/www.crefas.fr\/wp-content\/uploads\/2025\/03\/IMG20250319132219-768x612.jpg 768w, https:\/\/www.crefas.fr\/wp-content\/uploads\/2025\/03\/IMG20250319132219-1536x1224.jpg 1536w, https:\/\/www.crefas.fr\/wp-content\/uploads\/2025\/03\/IMG20250319132219-2048x1633.jpg 2048w\" sizes=\"auto, (max-width: 1024px) 100vw, 1024px\" \/><\/figure><div class=\"wp-block-media-text__content\">\n<p>Se munir d&rsquo;une chaussette, d&rsquo;un verre haut et d&rsquo;un plat \u00e0 bors lisses (saladier, plat \u00e0 gratin&#8230;) <\/p>\n<\/div><\/div>\n\n\n\n<div class=\"wp-block-media-text has-media-on-the-right is-stacked-on-mobile is-vertically-aligned-top\" style=\"grid-template-columns:auto 15%\"><div class=\"wp-block-media-text__content\">\n<p>Enfiler la chaussette sur le verre haut puis bourrer le haut de la chaussette \u00e0 l&rsquo;int\u00e9rieur du verre.<\/p>\n<\/div><figure class=\"wp-block-media-text__media\"><img loading=\"lazy\" decoding=\"async\" width=\"968\" height=\"1024\" src=\"https:\/\/www.crefas.fr\/wp-content\/uploads\/2025\/03\/IMG20250319132301-968x1024.jpg\" alt=\"\" class=\"wp-image-318 size-full\" srcset=\"https:\/\/www.crefas.fr\/wp-content\/uploads\/2025\/03\/IMG20250319132301-968x1024.jpg 968w, https:\/\/www.crefas.fr\/wp-content\/uploads\/2025\/03\/IMG20250319132301-284x300.jpg 284w, https:\/\/www.crefas.fr\/wp-content\/uploads\/2025\/03\/IMG20250319132301-768x812.jpg 768w, https:\/\/www.crefas.fr\/wp-content\/uploads\/2025\/03\/IMG20250319132301-1452x1536.jpg 1452w, https:\/\/www.crefas.fr\/wp-content\/uploads\/2025\/03\/IMG20250319132301-1936x2048.jpg 1936w\" sizes=\"auto, (max-width: 968px) 100vw, 968px\" \/><\/figure><\/div>\n\n\n\n<div class=\"wp-block-media-text is-stacked-on-mobile\" style=\"grid-template-columns:19% auto\"><figure class=\"wp-block-media-text__media\"><img loading=\"lazy\" decoding=\"async\" width=\"1024\" height=\"825\" src=\"https:\/\/www.crefas.fr\/wp-content\/uploads\/2025\/03\/IMG20250319132319-1024x825.jpg\" alt=\"\" class=\"wp-image-319 size-full\" srcset=\"https:\/\/www.crefas.fr\/wp-content\/uploads\/2025\/03\/IMG20250319132319-1024x825.jpg 1024w, https:\/\/www.crefas.fr\/wp-content\/uploads\/2025\/03\/IMG20250319132319-300x242.jpg 300w, https:\/\/www.crefas.fr\/wp-content\/uploads\/2025\/03\/IMG20250319132319-768x619.jpg 768w, https:\/\/www.crefas.fr\/wp-content\/uploads\/2025\/03\/IMG20250319132319-1536x1237.jpg 1536w, https:\/\/www.crefas.fr\/wp-content\/uploads\/2025\/03\/IMG20250319132319-2048x1650.jpg 2048w\" sizes=\"auto, (max-width: 1024px) 100vw, 1024px\" \/><\/figure><div class=\"wp-block-media-text__content\">\n<p>Placer le verre \u00e9quip\u00e9 de la chaussette au centre du plat \u00e0 bors lisses<\/p>\n<\/div><\/div>\n\n\n\n<p>Au cr\u00e9puscule, poser la petite chauve-souris sur la chaussette et placer le plat en hauteur hors d&rsquo;atteinte des chats (sur un rebord de fen\u00eatre, par exemple), le plus pr\u00e8s possible de la colonie de chauves-souris.<\/p>\n\n\n\n<p>La m\u00e8re, si elle est toujours l\u00e0, devrait venir se poser pour r\u00e9cup\u00e9rer son jeune. Si le lendemain, au lever du soleil, le jeune est toujours sur place, contacter le centre de sauvegarde.<\/p>\n\n\n\n<p><\/p>\n","protected":false},"excerpt":{"rendered":"<p>Ne JAMAIS donner de lait \u00e0 un jeune mammif\u00e8re ! Li\u00e8vres et faons Contrairement aux id\u00e9es re\u00e7ues, les jeunes li\u00e8vres ne sont pas \u00e9lev\u00e9s en terrier comme les lapins. D\u00e8s leur naissance, ils ont les yeux ouverts, sont recouverts de poils et sont capables de se d\u00e9placer. Les jeunes li\u00e8vres sont seuls, \u00e0 d\u00e9couvert dans [&hellip;]<\/p>\n","protected":false},"author":1,"featured_media":0,"parent":0,"menu_order":0,"comment_status":"closed","ping_status":"closed","template":"","meta":{"footnotes":""},"class_list":["post-281","page","type-page","status-publish","hentry"],"_links":{"self":[{"href":"https:\/\/www.crefas.fr\/index.php\/wp-json\/wp\/v2\/pages\/281","targetHints":{"allow":["GET"]}}],"collection":[{"href":"https:\/\/www.crefas.fr\/index.php\/wp-json\/wp\/v2\/pages"}],"about":[{"href":"https:\/\/www.crefas.fr\/index.php\/wp-json\/wp\/v2\/types\/page"}],"author":[{"embeddable":true,"href":"https:\/\/www.crefas.fr\/index.php\/wp-json\/wp\/v2\/users\/1"}],"replies":[{"embeddable":true,"href":"https:\/\/www.crefas.fr\/index.php\/wp-json\/wp\/v2\/comments?post=281"}],"version-history":[{"count":4,"href":"https:\/\/www.crefas.fr\/index.php\/wp-json\/wp\/v2\/pages\/281\/revisions"}],"predecessor-version":[{"id":385,"href":"https:\/\/www.crefas.fr\/index.php\/wp-json\/wp\/v2\/pages\/281\/revisions\/385"}],"wp:attachment":[{"href":"https:\/\/www.crefas.fr\/index.php\/wp-json\/wp\/v2\/media?parent=281"}],"curies":[{"name":"wp","href":"https:\/\/api.w.org\/{rel}","templated":true}]}}