{"id":279,"date":"2025-03-24T22:41:59","date_gmt":"2025-03-24T21:41:59","guid":{"rendered":"https:\/\/www.crefas.fr\/?page_id=279"},"modified":"2025-07-17T11:58:36","modified_gmt":"2025-07-17T09:58:36","slug":"oiseaux","status":"publish","type":"page","link":"https:\/\/www.crefas.fr\/index.php\/oiseaux\/","title":{"rendered":"Oiseaux"},"content":{"rendered":"\n<p class=\"has-text-align-center\"><strong>Attention !!<\/strong><\/p>\n\n\n\n<p class=\"has-text-align-center\"><strong>Ce cas de figure ne s&rsquo;applique pas pour les jeunes martinets.<\/strong><br><strong>En cas de d\u00e9couverte d&rsquo;un jeune martinet noir, au sol se r\u00e9f\u00e9rer \u00e0 la rubrique <\/strong>:<\/p>\n\n\n\n<p class=\"has-text-align-center\"><a href=\"https:\/\/www.crefas.fr\/index.php\/cas-particuliers\/\" data-type=\"page\" data-id=\"283\"><strong>Cas particuliers.<\/strong><\/a><\/p>\n\n\n\n<figure class=\"wp-block-image size-large\"><img loading=\"lazy\" decoding=\"async\" width=\"724\" height=\"1024\" src=\"https:\/\/www.crefas.fr\/wp-content\/uploads\/2025\/03\/jeunes-oiseaux_page-0001-724x1024.jpg\" alt=\"\" class=\"wp-image-268\" srcset=\"https:\/\/www.crefas.fr\/wp-content\/uploads\/2025\/03\/jeunes-oiseaux_page-0001-724x1024.jpg 724w, https:\/\/www.crefas.fr\/wp-content\/uploads\/2025\/03\/jeunes-oiseaux_page-0001-212x300.jpg 212w, https:\/\/www.crefas.fr\/wp-content\/uploads\/2025\/03\/jeunes-oiseaux_page-0001-768x1086.jpg 768w, https:\/\/www.crefas.fr\/wp-content\/uploads\/2025\/03\/jeunes-oiseaux_page-0001-1086x1536.jpg 1086w, https:\/\/www.crefas.fr\/wp-content\/uploads\/2025\/03\/jeunes-oiseaux_page-0001.jpg 1241w\" sizes=\"auto, (max-width: 724px) 100vw, 724px\" \/><\/figure>\n\n\n\n<p class=\"has-text-align-center\"><strong>Attention !!<\/strong><\/p>\n\n\n\n<p class=\"has-text-align-center\">S&rsquo;il s&rsquo;agit d&rsquo;une chouette effraie, elle doit imp\u00e9rativement \u00eatre replac\u00e9e <strong>DANS<\/strong> son nid, si le nid est introuvable, ou inaccesible, contactez imm\u00e9diatement le centre de sauvegarde le plus proche.<\/p>\n\n\n\n<p><\/p>\n","protected":false},"excerpt":{"rendered":"<p>Attention !! Ce cas de figure ne s&rsquo;applique pas pour les jeunes martinets.En cas de d\u00e9couverte d&rsquo;un jeune martinet noir, au sol se r\u00e9f\u00e9rer \u00e0 la rubrique : Cas particuliers. Attention !! S&rsquo;il s&rsquo;agit d&rsquo;une chouette effraie, elle doit imp\u00e9rativement \u00eatre replac\u00e9e DANS son nid, si le nid est introuvable, ou inaccesible, contactez imm\u00e9diatement le [&hellip;]<\/p>\n","protected":false},"author":1,"featured_media":0,"parent":0,"menu_order":0,"comment_status":"closed","ping_status":"closed","template":"","meta":{"footnotes":""},"class_list":["post-279","page","type-page","status-publish","hentry"],"_links":{"self":[{"href":"https:\/\/www.crefas.fr\/index.php\/wp-json\/wp\/v2\/pages\/279","targetHints":{"allow":["GET"]}}],"collection":[{"href":"https:\/\/www.crefas.fr\/index.php\/wp-json\/wp\/v2\/pages"}],"about":[{"href":"https:\/\/www.crefas.fr\/index.php\/wp-json\/wp\/v2\/types\/page"}],"author":[{"embeddable":true,"href":"https:\/\/www.crefas.fr\/index.php\/wp-json\/wp\/v2\/users\/1"}],"replies":[{"embeddable":true,"href":"https:\/\/www.crefas.fr\/index.php\/wp-json\/wp\/v2\/comments?post=279"}],"version-history":[{"count":8,"href":"https:\/\/www.crefas.fr\/index.php\/wp-json\/wp\/v2\/pages\/279\/revisions"}],"predecessor-version":[{"id":383,"href":"https:\/\/www.crefas.fr\/index.php\/wp-json\/wp\/v2\/pages\/279\/revisions\/383"}],"wp:attachment":[{"href":"https:\/\/www.crefas.fr\/index.php\/wp-json\/wp\/v2\/media?parent=279"}],"curies":[{"name":"wp","href":"https:\/\/api.w.org\/{rel}","templated":true}]}}